{"id":1096,"date":"2022-05-30T17:48:01","date_gmt":"2022-05-30T17:48:01","guid":{"rendered":"https:\/\/test.digitlantico.local\/costapereira\/public_html\/contacts\/"},"modified":"2023-06-07T17:14:23","modified_gmt":"2023-06-07T17:14:23","slug":"contacts","status":"publish","type":"page","link":"https:\/\/costapereira.pt\/en\/contacts\/","title":{"rendered":"Contacts"},"content":{"rendered":"\t\t<div data-elementor-type=\"wp-page\" data-elementor-id=\"1096\" class=\"elementor elementor-1096 elementor-294\">\n\t\t\t\t\t\t\t\t\t<section class=\"elementor-section elementor-top-section elementor-element elementor-element-ae5fc66 elementor-section-full_width elementor-section-height-default elementor-section-height-default\" data-id=\"ae5fc66\" data-element_type=\"section\">\n\t\t\t\t\t\t<div class=\"elementor-container elementor-column-gap-default\">\n\t\t\t\t\t<div class=\"elementor-column elementor-col-100 elementor-top-column elementor-element elementor-element-4840532\" data-id=\"4840532\" data-element_type=\"column\">\n\t\t\t<div class=\"elementor-widget-wrap elementor-element-populated\">\n\t\t\t\t\t\t\t\t\t<\/div>\n\t\t<\/div>\n\t\t\t\t\t\t\t<\/div>\n\t\t<\/section>\n\t\t\t\t<section class=\"elementor-section elementor-top-section elementor-element elementor-element-a76fb57 elementor-section-boxed elementor-section-height-default elementor-section-height-default\" data-id=\"a76fb57\" data-element_type=\"section\">\n\t\t\t\t\t\t<div class=\"elementor-container elementor-column-gap-default\">\n\t\t\t\t\t<div class=\"elementor-column elementor-col-100 elementor-top-column elementor-element elementor-element-676aa6a\" data-id=\"676aa6a\" data-element_type=\"column\">\n\t\t\t<div class=\"elementor-widget-wrap elementor-element-populated\">\n\t\t\t\t\t\t\t\t<div class=\"elementor-element elementor-element-50dea57 elementor-widget elementor-widget-spacer\" data-id=\"50dea57\" data-element_type=\"widget\" data-widget_type=\"spacer.default\">\n\t\t\t\t<div class=\"elementor-widget-container\">\n\t\t\t<style>\/*! elementor - v3.11.5 - 14-03-2023 *\/\n.elementor-column .elementor-spacer-inner{height:var(--spacer-size)}.e-con{--container-widget-width:100%}.e-con-inner>.elementor-widget-spacer,.e-con>.elementor-widget-spacer{width:var(--container-widget-width,var(--spacer-size));--align-self:var(--container-widget-align-self,initial);--flex-shrink:0}.e-con-inner>.elementor-widget-spacer>.elementor-widget-container,.e-con-inner>.elementor-widget-spacer>.elementor-widget-container>.elementor-spacer,.e-con>.elementor-widget-spacer>.elementor-widget-container,.e-con>.elementor-widget-spacer>.elementor-widget-container>.elementor-spacer{height:100%}.e-con-inner>.elementor-widget-spacer>.elementor-widget-container>.elementor-spacer>.elementor-spacer-inner,.e-con>.elementor-widget-spacer>.elementor-widget-container>.elementor-spacer>.elementor-spacer-inner{height:var(--container-widget-height,var(--spacer-size))}<\/style>\t\t<div class=\"elementor-spacer\">\n\t\t\t<div class=\"elementor-spacer-inner\"><\/div>\n\t\t<\/div>\n\t\t\t\t<\/div>\n\t\t\t\t<\/div>\n\t\t\t\t<section class=\"elementor-section elementor-inner-section elementor-element elementor-element-1e57b71 elementor-section-boxed elementor-section-height-default elementor-section-height-default\" data-id=\"1e57b71\" data-element_type=\"section\">\n\t\t\t\t\t\t<div class=\"elementor-container elementor-column-gap-default\">\n\t\t\t\t\t<div class=\"elementor-column elementor-col-50 elementor-inner-column elementor-element elementor-element-44799fd\" data-id=\"44799fd\" data-element_type=\"column\">\n\t\t\t<div class=\"elementor-widget-wrap elementor-element-populated\">\n\t\t\t\t\t\t\t\t<div class=\"elementor-element elementor-element-d5f135a elementor-widget elementor-widget-heading\" data-id=\"d5f135a\" data-element_type=\"widget\" data-widget_type=\"heading.default\">\n\t\t\t\t<div class=\"elementor-widget-container\">\n\t\t\t<style>\/*! elementor - v3.11.5 - 14-03-2023 *\/\n.elementor-heading-title{padding:0;margin:0;line-height:1}.elementor-widget-heading .elementor-heading-title[class*=elementor-size-]>a{color:inherit;font-size:inherit;line-height:inherit}.elementor-widget-heading .elementor-heading-title.elementor-size-small{font-size:15px}.elementor-widget-heading .elementor-heading-title.elementor-size-medium{font-size:19px}.elementor-widget-heading .elementor-heading-title.elementor-size-large{font-size:29px}.elementor-widget-heading .elementor-heading-title.elementor-size-xl{font-size:39px}.elementor-widget-heading .elementor-heading-title.elementor-size-xxl{font-size:59px}<\/style><h2 class=\"elementor-heading-title elementor-size-large\">Hours<\/h2>\t\t<\/div>\n\t\t\t\t<\/div>\n\t\t\t\t<div class=\"elementor-element elementor-element-1cfbae3 elementor-widget elementor-widget-wp-widget-we_are_open\" data-id=\"1cfbae3\" data-element_type=\"widget\" data-widget_type=\"wp-widget-we_are_open.default\">\n\t\t\t\t<div class=\"elementor-widget-container\">\n\t\t\t<table class=\"opening-hours opening-hours-widget outside-flush\">\r\n\t<tr class=\"day monday past weekday group-2\">\r\n\t\t<th class=\"day-name\">Dias \u00fateis<\/th>\r\n\t\t<td class=\"hours\">08:30 \u2013 12:15, 14:00 \u2013 17:30<\/td>\r\n\t<\/tr>\r\n\t<tr class=\"day saturday tomorrow future weekend\">\r\n\t\t<th class=\"day-name\">Saturday<\/th>\r\n\t\t<td class=\"hours\">08:30 \u2013 12:15<\/td>\r\n\t<\/tr>\r\n\t<tr class=\"day sunday future weekend closed\">\r\n\t\t<th class=\"day-name\">Sunday<\/th>\r\n\t\t<td class=\"hours\">Encerrado<\/td>\r\n\t<\/tr>\r\n<\/table>\r\n\t\t<\/div>\n\t\t\t\t<\/div>\n\t\t\t\t\t<\/div>\n\t\t<\/div>\n\t\t\t\t<div class=\"elementor-column elementor-col-50 elementor-inner-column elementor-element elementor-element-a73265b\" data-id=\"a73265b\" data-element_type=\"column\">\n\t\t\t<div class=\"elementor-widget-wrap elementor-element-populated\">\n\t\t\t\t\t\t\t\t<div class=\"elementor-element elementor-element-46c07bb elementor-widget elementor-widget-heading\" data-id=\"46c07bb\" data-element_type=\"widget\" data-widget_type=\"heading.default\">\n\t\t\t\t<div class=\"elementor-widget-container\">\n\t\t\t<h2 class=\"elementor-heading-title elementor-size-large\">Contacts<\/h2>\t\t<\/div>\n\t\t\t\t<\/div>\n\t\t\t\t<div class=\"elementor-element elementor-element-25b7646 premium-table-dir-ltr elementor-widget elementor-widget-premium-tables-addon\" data-id=\"25b7646\" data-element_type=\"widget\" data-widget_type=\"premium-tables-addon.default\">\n\t\t\t\t<div class=\"elementor-widget-container\">\n\t\t\t\r\n\t\t<div class=\"premium-table-wrap\">\r\n\t\t\t<div class=\"premium-table-filter\">\r\n\t\t\t\t\t\t\t\t\t<\/div>\r\n\t\t\t<table class=\"premium-table\" data-settings=\"{&quot;sort&quot;:false,&quot;sortMob&quot;:false,&quot;search&quot;:false,&quot;records&quot;:false,&quot;dataType&quot;:&quot;custom&quot;,&quot;csvFile&quot;:null,&quot;firstRow&quot;:null,&quot;separator&quot;:null,&quot;pagination&quot;:&quot;&quot;,&quot;rows&quot;:0}\" >\r\n\r\n\t\t\t\t\t<tbody class=\"premium-table-body\">\r\n\t\t\t\t\t\t<tr class=\"premium-table-row elementor-repeater-item-2ee7cfd\"><th class=\"premium-table-cell elementor-repeater-item-7724e72\" id=\"7724e72\"><span class=\"premium-table-text\"><span class=\"premium-table-inner\">Telephone:<\/span><\/span><\/span><\/th><td class=\"premium-table-cell elementor-repeater-item-457e4c3\" id=\"457e4c3\"><span class=\"premium-table-text\"><span class=\"premium-table-inner\">296 960 200<\/span><\/span><\/span><\/td><\/tr><tr class=\"premium-table-row elementor-repeater-item-ed0b5c7\"><th class=\"premium-table-cell elementor-repeater-item-2972ebf\" id=\"2972ebf\"><span class=\"premium-table-text\"><span class=\"premium-table-inner\">Fax:<\/span><\/span><\/span><\/th><td class=\"premium-table-cell elementor-repeater-item-d14b462\" id=\"d14b462\"><span class=\"premium-table-text\"><span class=\"premium-table-inner\">296 960 209<\/span><\/span><\/span><\/td><\/tr><tr class=\"premium-table-row elementor-repeater-item-4419f57\"><th class=\"premium-table-cell elementor-repeater-item-f6bacac\" id=\"f6bacac\"><span class=\"premium-table-text\"><span class=\"premium-table-inner\">Email:<\/span><\/span><\/span><\/th><td class=\"premium-table-cell elementor-repeater-item-d575dcc\" id=\"d575dcc\"><span class=\"premium-table-text\"><span class=\"premium-table-inner\">costapereira@costapereira.pt<\/span><\/span><\/span><\/td><\/tr><tr class=\"premium-table-row elementor-repeater-item-49671a9\"><th class=\"premium-table-cell elementor-repeater-item-4e15ac9\" id=\"4e15ac9\"><span class=\"premium-table-text\"><span class=\"premium-table-inner\">Address<\/span><\/span><\/span><\/th><td class=\"premium-table-cell elementor-repeater-item-7187077\" id=\"7187077\"><span class=\"premium-table-text\"><span class=\"premium-table-inner\">Avenida Infante D.Henrique 52, Ros\u00e1rio-Lagoa 9560-022<\/span><\/span><\/span><\/td>\t\t\t<\/tr>\r\n\t\t<\/tbody>\r\n\r\n\t\t\r\n\t\t\t<\/table>\r\n\t\t<\/div>\r\n\t\t\t\t<\/div>\n\t\t\t\t<\/div>\n\t\t\t\t\t<\/div>\n\t\t<\/div>\n\t\t\t\t\t\t\t<\/div>\n\t\t<\/section>\n\t\t\t\t<div class=\"elementor-element elementor-element-c927567 elementor-widget elementor-widget-spacer\" data-id=\"c927567\" data-element_type=\"widget\" data-widget_type=\"spacer.default\">\n\t\t\t\t<div class=\"elementor-widget-container\">\n\t\t\t\t\t<div class=\"elementor-spacer\">\n\t\t\t<div class=\"elementor-spacer-inner\"><\/div>\n\t\t<\/div>\n\t\t\t\t<\/div>\n\t\t\t\t<\/div>\n\t\t\t\t\t<\/div>\n\t\t<\/div>\n\t\t\t\t\t\t\t<\/div>\n\t\t<\/section>\n\t\t\t\t<section class=\"elementor-section elementor-top-section elementor-element elementor-element-7c98bbb elementor-section-boxed elementor-section-height-default elementor-section-height-default\" data-id=\"7c98bbb\" data-element_type=\"section\" data-settings=\"{&quot;background_background&quot;:&quot;classic&quot;}\">\n\t\t\t\t\t\t<div class=\"elementor-container elementor-column-gap-default\">\n\t\t\t\t\t<div class=\"elementor-column elementor-col-100 elementor-top-column elementor-element elementor-element-d8f27d5\" data-id=\"d8f27d5\" data-element_type=\"column\">\n\t\t\t<div class=\"elementor-widget-wrap elementor-element-populated\">\n\t\t\t\t\t\t\t\t<div class=\"elementor-element elementor-element-5a7df78 elementor-widget elementor-widget-spacer\" data-id=\"5a7df78\" data-element_type=\"widget\" data-widget_type=\"spacer.default\">\n\t\t\t\t<div class=\"elementor-widget-container\">\n\t\t\t\t\t<div class=\"elementor-spacer\">\n\t\t\t<div class=\"elementor-spacer-inner\"><\/div>\n\t\t<\/div>\n\t\t\t\t<\/div>\n\t\t\t\t<\/div>\n\t\t\t\t<section class=\"elementor-section elementor-inner-section elementor-element elementor-element-96c45bf elementor-section-boxed elementor-section-height-default elementor-section-height-default\" data-id=\"96c45bf\" data-element_type=\"section\">\n\t\t\t\t\t\t<div class=\"elementor-container elementor-column-gap-default\">\n\t\t\t\t\t<div class=\"elementor-column elementor-col-50 elementor-inner-column elementor-element elementor-element-ccfb15e\" data-id=\"ccfb15e\" data-element_type=\"column\">\n\t\t\t<div class=\"elementor-widget-wrap elementor-element-populated\">\n\t\t\t\t\t\t\t\t<div class=\"elementor-element elementor-element-b931a11 elementor-widget elementor-widget-heading\" data-id=\"b931a11\" data-element_type=\"widget\" data-widget_type=\"heading.default\">\n\t\t\t\t<div class=\"elementor-widget-container\">\n\t\t\t<h2 class=\"elementor-heading-title elementor-size-large\">CONTACT US<\/h2>\t\t<\/div>\n\t\t\t\t<\/div>\n\t\t\t\t<div class=\"elementor-element elementor-element-20ae54d elementor-widget elementor-widget-shortcode\" data-id=\"20ae54d\" data-element_type=\"widget\" data-widget_type=\"shortcode.default\">\n\t\t\t\t<div class=\"elementor-widget-container\">\n\t\t\t\t\t<div class=\"elementor-shortcode\">\n<div class=\"wpcf7 no-js\" id=\"wpcf7-f15-o1\" lang=\"pt-PT\" dir=\"ltr\">\n<div class=\"screen-reader-response\"><p role=\"status\" aria-live=\"polite\" aria-atomic=\"true\"><\/p> <ul><\/ul><\/div>\n<form action=\"\/en\/wp-json\/wp\/v2\/pages\/1096#wpcf7-f15-o1\" method=\"post\" class=\"wpcf7-form init\" aria-label=\"Formul\u00e1rio de contacto\" novalidate=\"novalidate\" data-status=\"init\">\n<div style=\"display: none;\">\n<input type=\"hidden\" name=\"_wpcf7\" value=\"15\" \/>\n<input type=\"hidden\" name=\"_wpcf7_version\" value=\"5.7.7\" \/>\n<input type=\"hidden\" name=\"_wpcf7_locale\" value=\"pt_PT\" \/>\n<input type=\"hidden\" name=\"_wpcf7_unit_tag\" value=\"wpcf7-f15-o1\" \/>\n<input type=\"hidden\" name=\"_wpcf7_container_post\" value=\"0\" \/>\n<input type=\"hidden\" name=\"_wpcf7_posted_data_hash\" value=\"\" \/>\n<input type=\"hidden\" name=\"_wpcf7_recaptcha_response\" value=\"\" \/>\n<\/div>\n<div class=\"row  \">\n<div class=\" no-relative-cols col-12 col-sm-12 col-md-12 col-lg-6 col-xl-6\"  >\n<div class=\"material_content\"><span class=\"wpcf7-form-control-wrap\" data-name=\"your-name\"><input size=\"40\" class=\"wpcf7-form-control wpcf7-text wpcf7-validates-as-required\" id=\"cf7_name_field\" aria-required=\"true\" aria-invalid=\"false\" value=\"\" type=\"text\" name=\"your-name\" \/><\/span><label  for=\"cf7_name_field\"  required=\"required\" >Nome<span class=\"required tip_required short_required \" title=\"This Field is Required!\" style=\"\" id=\"\" content=\"\">*<\/span><\/label><\/div>\n<\/div><div class=\" no-relative-cols col-12 col-sm-12 col-md-12 col-lg-6 col-xl-6\"  >\n<div class=\"material_content\"><span class=\"wpcf7-form-control-wrap\" data-name=\"your-email\"><input size=\"40\" class=\"wpcf7-form-control wpcf7-text wpcf7-email wpcf7-validates-as-required wpcf7-validates-as-email\" id=\"cf7_mail_field\" aria-required=\"true\" aria-invalid=\"false\" value=\"\" type=\"email\" name=\"your-email\" \/><\/span><label  for=\"cf7_mail_field\"  required=\"required\" >Email<span class=\"required tip_required short_required \" title=\"This Field is Required!\" style=\"\" id=\"\" content=\"\">*<\/span><\/label><\/div>\n<\/div>\n<\/div>\n<div class=\"material_content\"><span class=\"wpcf7-form-control-wrap\" data-name=\"your-subject\"><input size=\"40\" class=\"wpcf7-form-control wpcf7-text wpcf7-validates-as-required\" id=\"cf7_subj_field\" aria-required=\"true\" aria-invalid=\"false\" value=\"\" type=\"text\" name=\"your-subject\" \/><\/span><label  for=\"cf7_subj_field\"  required=\"required\" >Assunto<span class=\"required tip_required short_required \" title=\"This Field is Required!\" style=\"\" id=\"\" content=\"\">*<\/span><\/label><\/div>\n<div class=\"material_content\"><span class=\"wpcf7-form-control-wrap\" data-name=\"your-message\"><textarea cols=\"40\" rows=\"10\" class=\"wpcf7-form-control wpcf7-textarea wpcf7-validates-as-required\" id=\"cf7_msg_field\" aria-required=\"true\" aria-invalid=\"false\" name=\"your-message\"><\/textarea><\/span><label  for=\"cf7_msg_field\"  required=\"required\" >Mensagem<span class=\"required tip_required short_required \" title=\"This Field is Required!\" style=\"\" id=\"\" content=\"\">*<\/span><\/label><\/div>\n<div class=\"row no-relative-cols \"><div class=\"  col-12 col-sm-12 col-md-12 col-lg-8 col-xl-9\"  >\n<div class=\"mandatory_accept_me\"><span class=\"wpcf7-form-control-wrap digit-tools-checkbox-listing acceptance-policys\"><span class=\"wpcf7-form-control wpcf7-digit_checkbox wpcf7-validates-as-required\"><span class=\"wpcf7-list-item first last\"><input type=\"checkbox\" name=\"acceptance-policys&#091;&#093;\" value=\"1\" tabindex=\"\" \/><span class=\"wpcf7-list-item-label\">Aceito que: <div class=\"content_recapcha_warning\">This site is protected by reCAPTCHA and the Google <a href=\"https:\/\/policies.google.com\/privacy\" target=\"_BLANK\">Privacy Policy<\/a> and <a href=\"https:\/\/policies.google.com\/terms\" target=\"_BLANK\">Terms of Service<\/a> apply.<\/div> <span class=\"required tip_required short_required \" title=\"This Field is Required!\" style=\"\" id=\"\" content=\"\">*<\/span><\/span><\/span><\/span><\/span> <\/div>\n<div class=\"mandatory_accept_me\"><span class=\"wpcf7-form-control-wrap digit-tools-checkbox-listing acceptance-terms\"><span class=\"wpcf7-form-control wpcf7-digit_checkbox wpcf7-validates-as-required\"><span class=\"wpcf7-list-item first last\"><input type=\"checkbox\" name=\"acceptance-terms&#091;&#093;\" value=\"1\" tabindex=\"\" \/><span class=\"wpcf7-list-item-label\">Aceito os <a href='https:\/\/costapereira.pt\/en\/?post_type=br_product_filter&amp;p=1149' target='_BLANK'>Termos e Condi\u00e7\u00f5es<\/a> e a <a href='https:\/\/costapereira.pt\/en\/contacts\/' target='_BLANK'>Politica de Privacidade<\/a> do Costa Pereira. <span class=\"required tip_required short_required \" title=\"This Field is Required!\" style=\"\" id=\"\" content=\"\">*<\/span><\/span><\/span><\/span><\/span> <\/div>\n<\/div><div class=\" no-relative-cols col-12 col-sm-12 col-md-12 col-lg-4 col-xl-3\"  >\n<div class=\"material_content pos-ini e-align-center\"><input class=\"wpcf7-form-control has-spinner wpcf7-submit e-width-xs-to-sm-col-12 e-width-sm-to-md-col-12 e-width-md-to-lg-col-12 e-align-center e-align-lg-right e-margin-top-24px e-lg-margin-top-0px e-float-none e-float-lg-right\" type=\"submit\" value=\"Enviar\" \/><\/div>\n<\/div><\/div><div class=\"wpcf7-response-output\" aria-hidden=\"true\"><\/div>\n<\/form>\n<\/div>\n<\/div>\n\t\t\t\t<\/div>\n\t\t\t\t<\/div>\n\t\t\t\t\t<\/div>\n\t\t<\/div>\n\t\t\t\t<div class=\"elementor-column elementor-col-50 elementor-inner-column elementor-element elementor-element-f0bef7d\" data-id=\"f0bef7d\" data-element_type=\"column\">\n\t\t\t<div class=\"elementor-widget-wrap elementor-element-populated\">\n\t\t\t\t\t\t\t\t<div class=\"elementor-element elementor-element-aef1ce6 elementor-widget elementor-widget-google_maps\" data-id=\"aef1ce6\" data-element_type=\"widget\" data-widget_type=\"google_maps.default\">\n\t\t\t\t<div class=\"elementor-widget-container\">\n\t\t\t<style>\/*! elementor - v3.11.5 - 14-03-2023 *\/\n.elementor-widget-google_maps .elementor-widget-container{overflow:hidden}.elementor-widget-google_maps .elementor-custom-embed{line-height:0}.elementor-widget-google_maps iframe{height:300px}<\/style>\t\t<div class=\"elementor-custom-embed\">\n\t\t\t<iframe loading=\"lazy\"\n\t\t\t\t\tsrc=\"https:\/\/www.google.com\/maps\/embed\/v1\/place?key=AIzaSyBgK7O1DfjUjdTJ5gFW9C8AfyaKa9pDsXc&#038;q=Costa%20Pereira%20e%20Filhos&#038;zoom=16\"\n\t\t\t\t\ttitle=\"Costa Pereira e Filhos\"\n\t\t\t\t\taria-label=\"Costa Pereira e Filhos\"\n\t\t\t><\/iframe>\n\t\t<\/div>\n\t\t\t\t<\/div>\n\t\t\t\t<\/div>\n\t\t\t\t\t<\/div>\n\t\t<\/div>\n\t\t\t\t\t\t\t<\/div>\n\t\t<\/section>\n\t\t\t\t<div class=\"elementor-element elementor-element-05a9351 elementor-widget elementor-widget-spacer\" data-id=\"05a9351\" data-element_type=\"widget\" data-widget_type=\"spacer.default\">\n\t\t\t\t<div class=\"elementor-widget-container\">\n\t\t\t\t\t<div class=\"elementor-spacer\">\n\t\t\t<div class=\"elementor-spacer-inner\"><\/div>\n\t\t<\/div>\n\t\t\t\t<\/div>\n\t\t\t\t<\/div>\n\t\t\t\t\t<\/div>\n\t\t<\/div>\n\t\t\t\t\t\t\t<\/div>\n\t\t<\/section>\n\t\t\t\t\t\t\t<\/div>\n\t\t","protected":false},"excerpt":{"rendered":"<p>Hours Contacts Telephone: 296 960 200 Fax: 296 960 209 Email: costapereira@costapereira.pt Address Avenida Infante D.Henrique 52, Ros\u00e1rio-Lagoa 9560-022 CONTACT US<\/p>\n","protected":false},"author":1,"featured_media":0,"parent":0,"menu_order":0,"comment_status":"closed","ping_status":"closed","template":"elementor_header_footer","meta":{"inline_featured_image":false},"yoast_head":"<!-- This site is optimized with the Yoast SEO plugin v20.8 - https:\/\/yoast.com\/wordpress\/plugins\/seo\/ -->\n<title>Costa Pereira e Filhos - Contacts - Materiais de constru\u00e7\u00e3o<\/title>\n<meta name=\"description\" content=\"Find our contact information and office hours\" \/>\n<meta name=\"robots\" content=\"index, follow, max-snippet:-1, max-image-preview:large, max-video-preview:-1\" \/>\n<link rel=\"canonical\" href=\"https:\/\/costapereira.pt\/contatos\/\" \/>\n<meta property=\"og:locale\" content=\"en_US\" \/>\n<meta property=\"og:type\" content=\"article\" \/>\n<meta property=\"og:title\" content=\"Costa Pereira e Filhos - Materiais de constru\u00e7\u00e3o\" \/>\n<meta property=\"og:description\" content=\"Find our contact information and office hours\" \/>\n<meta property=\"og:url\" content=\"https:\/\/costapereira.pt\/contatos\/\" \/>\n<meta property=\"og:site_name\" content=\"Costa Pereira e Filhos\" \/>\n<meta property=\"article:publisher\" content=\"https:\/\/www.facebook.com\/costapereira2013\" \/>\n<meta property=\"article:modified_time\" content=\"2023-06-07T17:14:23+00:00\" \/>\n<meta property=\"og:image\" content=\"https:\/\/costapereira.pt\/app\/uploads\/2023\/01\/facebook_share_inicio_2.jpg\" \/>\n<meta name=\"twitter:card\" content=\"summary_large_image\" \/>\n<script type=\"application\/ld+json\" class=\"yoast-schema-graph\">{\"@context\":\"https:\/\/schema.org\",\"@graph\":[{\"@type\":\"WebPage\",\"@id\":\"https:\/\/costapereira.pt\/contatos\/\",\"url\":\"https:\/\/costapereira.pt\/contatos\/\",\"name\":\"Costa Pereira e Filhos - Contacts - Materiais de constru\u00e7\u00e3o\",\"isPartOf\":{\"@id\":\"https:\/\/costapereira.pt\/#website\"},\"datePublished\":\"2022-05-30T17:48:01+00:00\",\"dateModified\":\"2023-06-07T17:14:23+00:00\",\"description\":\"Find our contact information and office hours\",\"breadcrumb\":{\"@id\":\"https:\/\/costapereira.pt\/contatos\/#breadcrumb\"},\"inLanguage\":\"en-US\",\"potentialAction\":[{\"@type\":\"ReadAction\",\"target\":[\"https:\/\/costapereira.pt\/contatos\/\"]}]},{\"@type\":\"BreadcrumbList\",\"@id\":\"https:\/\/costapereira.pt\/contatos\/#breadcrumb\",\"itemListElement\":[{\"@type\":\"ListItem\",\"position\":1,\"name\":\"In\u00edcio\",\"item\":\"https:\/\/costapereira.pt\/\"},{\"@type\":\"ListItem\",\"position\":2,\"name\":\"Contacts\"}]},{\"@type\":\"WebSite\",\"@id\":\"https:\/\/costapereira.pt\/#website\",\"url\":\"https:\/\/costapereira.pt\/\",\"name\":\"Costa Pereira e Filhos - Materiais de Constru\u00e7\u00e3o nos A\u00e7ores\",\"description\":\"Materiais de constru\u00e7\u00e3o\",\"publisher\":{\"@id\":\"https:\/\/costapereira.pt\/#organization\"},\"potentialAction\":[{\"@type\":\"SearchAction\",\"target\":{\"@type\":\"EntryPoint\",\"urlTemplate\":\"https:\/\/costapereira.pt\/?s={search_term_string}\"},\"query-input\":\"required name=search_term_string\"}],\"inLanguage\":\"en-US\"},{\"@type\":\"Organization\",\"@id\":\"https:\/\/costapereira.pt\/#organization\",\"name\":\"Costa Pereira e Filhos, Lda.\",\"url\":\"https:\/\/costapereira.pt\/\",\"logo\":{\"@type\":\"ImageObject\",\"inLanguage\":\"en-US\",\"@id\":\"https:\/\/costapereira.pt\/#\/schema\/logo\/image\/\",\"url\":\"https:\/\/costapereira.pt\/app\/uploads\/2021\/07\/cropped-cropped-Favjpg-500.jpg\",\"contentUrl\":\"https:\/\/costapereira.pt\/app\/uploads\/2021\/07\/cropped-cropped-Favjpg-500.jpg\",\"width\":512,\"height\":512,\"caption\":\"Costa Pereira e Filhos, Lda.\"},\"image\":{\"@id\":\"https:\/\/costapereira.pt\/#\/schema\/logo\/image\/\"},\"sameAs\":[\"https:\/\/www.facebook.com\/costapereira2013\",\"https:\/\/www.instagram.com\/costapereiraefilhos\/\"]}]}<\/script>\n<!-- \/ Yoast SEO plugin. -->","yoast_head_json":{"title":"Costa Pereira e Filhos - Contacts - Materiais de constru\u00e7\u00e3o","description":"Find our contact information and office hours","robots":{"index":"index","follow":"follow","max-snippet":"max-snippet:-1","max-image-preview":"max-image-preview:large","max-video-preview":"max-video-preview:-1"},"canonical":"https:\/\/costapereira.pt\/contatos\/","og_locale":"en_US","og_type":"article","og_title":"Costa Pereira e Filhos - Materiais de constru\u00e7\u00e3o","og_description":"Find our contact information and office hours","og_url":"https:\/\/costapereira.pt\/contatos\/","og_site_name":"Costa Pereira e Filhos","article_publisher":"https:\/\/www.facebook.com\/costapereira2013","article_modified_time":"2023-06-07T17:14:23+00:00","og_image":[{"url":"https:\/\/costapereira.pt\/app\/uploads\/2023\/01\/facebook_share_inicio_2.jpg"}],"twitter_card":"summary_large_image","schema":{"@context":"https:\/\/schema.org","@graph":[{"@type":"WebPage","@id":"https:\/\/costapereira.pt\/contatos\/","url":"https:\/\/costapereira.pt\/contatos\/","name":"Costa Pereira e Filhos - Contacts - Materiais de constru\u00e7\u00e3o","isPartOf":{"@id":"https:\/\/costapereira.pt\/#website"},"datePublished":"2022-05-30T17:48:01+00:00","dateModified":"2023-06-07T17:14:23+00:00","description":"Find our contact information and office hours","breadcrumb":{"@id":"https:\/\/costapereira.pt\/contatos\/#breadcrumb"},"inLanguage":"en-US","potentialAction":[{"@type":"ReadAction","target":["https:\/\/costapereira.pt\/contatos\/"]}]},{"@type":"BreadcrumbList","@id":"https:\/\/costapereira.pt\/contatos\/#breadcrumb","itemListElement":[{"@type":"ListItem","position":1,"name":"In\u00edcio","item":"https:\/\/costapereira.pt\/"},{"@type":"ListItem","position":2,"name":"Contacts"}]},{"@type":"WebSite","@id":"https:\/\/costapereira.pt\/#website","url":"https:\/\/costapereira.pt\/","name":"Costa Pereira e Filhos - Materiais de Constru\u00e7\u00e3o nos A\u00e7ores","description":"Materiais de constru\u00e7\u00e3o","publisher":{"@id":"https:\/\/costapereira.pt\/#organization"},"potentialAction":[{"@type":"SearchAction","target":{"@type":"EntryPoint","urlTemplate":"https:\/\/costapereira.pt\/?s={search_term_string}"},"query-input":"required name=search_term_string"}],"inLanguage":"en-US"},{"@type":"Organization","@id":"https:\/\/costapereira.pt\/#organization","name":"Costa Pereira e Filhos, Lda.","url":"https:\/\/costapereira.pt\/","logo":{"@type":"ImageObject","inLanguage":"en-US","@id":"https:\/\/costapereira.pt\/#\/schema\/logo\/image\/","url":"https:\/\/costapereira.pt\/app\/uploads\/2021\/07\/cropped-cropped-Favjpg-500.jpg","contentUrl":"https:\/\/costapereira.pt\/app\/uploads\/2021\/07\/cropped-cropped-Favjpg-500.jpg","width":512,"height":512,"caption":"Costa Pereira e Filhos, Lda."},"image":{"@id":"https:\/\/costapereira.pt\/#\/schema\/logo\/image\/"},"sameAs":["https:\/\/www.facebook.com\/costapereira2013","https:\/\/www.instagram.com\/costapereiraefilhos\/"]}]}},"_links":{"self":[{"href":"https:\/\/costapereira.pt\/en\/wp-json\/wp\/v2\/pages\/1096"}],"collection":[{"href":"https:\/\/costapereira.pt\/en\/wp-json\/wp\/v2\/pages"}],"about":[{"href":"https:\/\/costapereira.pt\/en\/wp-json\/wp\/v2\/types\/page"}],"author":[{"embeddable":true,"href":"https:\/\/costapereira.pt\/en\/wp-json\/wp\/v2\/users\/1"}],"replies":[{"embeddable":true,"href":"https:\/\/costapereira.pt\/en\/wp-json\/wp\/v2\/comments?post=1096"}],"version-history":[{"count":3,"href":"https:\/\/costapereira.pt\/en\/wp-json\/wp\/v2\/pages\/1096\/revisions"}],"predecessor-version":[{"id":3963,"href":"https:\/\/costapereira.pt\/en\/wp-json\/wp\/v2\/pages\/1096\/revisions\/3963"}],"wp:attachment":[{"href":"https:\/\/costapereira.pt\/en\/wp-json\/wp\/v2\/media?parent=1096"}],"curies":[{"name":"wp","href":"https:\/\/api.w.org\/{rel}","templated":true}]}}