{"id":2430,"date":"2023-01-04T14:32:32","date_gmt":"2023-01-04T15:32:32","guid":{"rendered":"https:\/\/test.digitlantico.local\/costapereira\/public_html\/centro-de-privacidade\/politica-de-cookies\/"},"modified":"2023-01-04T14:46:02","modified_gmt":"2023-01-04T15:46:02","slug":"politica-de-cookies","status":"publish","type":"page","link":"https:\/\/costapereira.pt\/en\/politica-de-cookies\/","title":{"rendered":"Cookie Policy"},"content":{"rendered":"\t\t<div data-elementor-type=\"wp-page\" data-elementor-id=\"2430\" class=\"elementor elementor-2430\">\n\t\t\t\t\t\t\t\t\t<section class=\"elementor-section elementor-top-section elementor-element elementor-element-dafdfb4 elementor-section-boxed elementor-section-height-default elementor-section-height-default\" data-id=\"dafdfb4\" data-element_type=\"section\">\n\t\t\t\t\t\t<div class=\"elementor-container elementor-column-gap-default\">\n\t\t\t\t\t<div class=\"elementor-column elementor-col-100 elementor-top-column elementor-element elementor-element-d7e7e55\" data-id=\"d7e7e55\" data-element_type=\"column\">\n\t\t\t<div class=\"elementor-widget-wrap elementor-element-populated\">\n\t\t\t\t\t\t\t\t<div class=\"elementor-element elementor-element-6e377d2 elementor-widget elementor-widget-spacer\" data-id=\"6e377d2\" data-element_type=\"widget\" data-widget_type=\"spacer.default\">\n\t\t\t\t<div class=\"elementor-widget-container\">\n\t\t\t<style>\/*! elementor - v3.11.5 - 14-03-2023 *\/\n.elementor-column .elementor-spacer-inner{height:var(--spacer-size)}.e-con{--container-widget-width:100%}.e-con-inner>.elementor-widget-spacer,.e-con>.elementor-widget-spacer{width:var(--container-widget-width,var(--spacer-size));--align-self:var(--container-widget-align-self,initial);--flex-shrink:0}.e-con-inner>.elementor-widget-spacer>.elementor-widget-container,.e-con-inner>.elementor-widget-spacer>.elementor-widget-container>.elementor-spacer,.e-con>.elementor-widget-spacer>.elementor-widget-container,.e-con>.elementor-widget-spacer>.elementor-widget-container>.elementor-spacer{height:100%}.e-con-inner>.elementor-widget-spacer>.elementor-widget-container>.elementor-spacer>.elementor-spacer-inner,.e-con>.elementor-widget-spacer>.elementor-widget-container>.elementor-spacer>.elementor-spacer-inner{height:var(--container-widget-height,var(--spacer-size))}<\/style>\t\t<div class=\"elementor-spacer\">\n\t\t\t<div class=\"elementor-spacer-inner\"><\/div>\n\t\t<\/div>\n\t\t\t\t<\/div>\n\t\t\t\t<\/div>\n\t\t\t\t\t<\/div>\n\t\t<\/div>\n\t\t\t\t\t\t\t<\/div>\n\t\t<\/section>\n\t\t\t\t<section class=\"elementor-section elementor-top-section elementor-element elementor-element-2a848db elementor-section-boxed elementor-section-height-default elementor-section-height-default\" data-id=\"2a848db\" data-element_type=\"section\">\n\t\t\t\t\t\t<div class=\"elementor-container elementor-column-gap-default\">\n\t\t\t\t\t<div class=\"elementor-column elementor-col-100 elementor-top-column elementor-element elementor-element-8975024\" data-id=\"8975024\" data-element_type=\"column\">\n\t\t\t<div class=\"elementor-widget-wrap elementor-element-populated\">\n\t\t\t\t\t\t\t\t<div class=\"elementor-element elementor-element-c9ebe32 elementor-widget elementor-widget-heading\" data-id=\"c9ebe32\" data-element_type=\"widget\" data-widget_type=\"heading.default\">\n\t\t\t\t<div class=\"elementor-widget-container\">\n\t\t\t<style>\/*! elementor - v3.11.5 - 14-03-2023 *\/\n.elementor-heading-title{padding:0;margin:0;line-height:1}.elementor-widget-heading .elementor-heading-title[class*=elementor-size-]>a{color:inherit;font-size:inherit;line-height:inherit}.elementor-widget-heading .elementor-heading-title.elementor-size-small{font-size:15px}.elementor-widget-heading .elementor-heading-title.elementor-size-medium{font-size:19px}.elementor-widget-heading .elementor-heading-title.elementor-size-large{font-size:29px}.elementor-widget-heading .elementor-heading-title.elementor-size-xl{font-size:39px}.elementor-widget-heading .elementor-heading-title.elementor-size-xxl{font-size:59px}<\/style><h2 class=\"elementor-heading-title elementor-size-default\">Cookie Policy<\/h2>\t\t<\/div>\n\t\t\t\t<\/div>\n\t\t\t\t\t<\/div>\n\t\t<\/div>\n\t\t\t\t\t\t\t<\/div>\n\t\t<\/section>\n\t\t\t\t<section class=\"elementor-section elementor-top-section elementor-element elementor-element-a7d6c59 elementor-section-boxed elementor-section-height-default elementor-section-height-default\" data-id=\"a7d6c59\" data-element_type=\"section\">\n\t\t\t\t\t\t<div class=\"elementor-container elementor-column-gap-default\">\n\t\t\t\t\t<div class=\"elementor-column elementor-col-100 elementor-top-column elementor-element elementor-element-7f36aaa1\" data-id=\"7f36aaa1\" data-element_type=\"column\">\n\t\t\t<div class=\"elementor-widget-wrap elementor-element-populated\">\n\t\t\t\t\t\t\t\t<div class=\"elementor-element elementor-element-1ab45e6b elementor-widget elementor-widget-text-editor\" data-id=\"1ab45e6b\" data-element_type=\"widget\" data-widget_type=\"text-editor.default\">\n\t\t\t\t<div class=\"elementor-widget-container\">\n\t\t\t<style>\/*! elementor - v3.11.5 - 14-03-2023 *\/\n.elementor-widget-text-editor.elementor-drop-cap-view-stacked .elementor-drop-cap{background-color:#818a91;color:#fff}.elementor-widget-text-editor.elementor-drop-cap-view-framed .elementor-drop-cap{color:#818a91;border:3px solid;background-color:transparent}.elementor-widget-text-editor:not(.elementor-drop-cap-view-default) .elementor-drop-cap{margin-top:8px}.elementor-widget-text-editor:not(.elementor-drop-cap-view-default) .elementor-drop-cap-letter{width:1em;height:1em}.elementor-widget-text-editor .elementor-drop-cap{float:left;text-align:center;line-height:1;font-size:50px}.elementor-widget-text-editor .elementor-drop-cap-letter{display:inline-block}<\/style>\t\t\t\t<h2>What is a Cookie?<\/h2>\r\nCookies are small text files, created by the website visited, that contain data. They are stored on the visitor\u2019s computer to give the user access to various functions. Both session cookies and non-session cookies are used on this website (the \u201cSite\u201d). A session cookie is temporarily stored in the computer memory while the visitor is browsing the website. This cookie is erased when the user closes their web browser or after a certain time has passed (meaning that the session expires). A non-session cookie remains on the visitor\u2019s computer until it is deleted.\r\n<h2>Why do we use Cookies?<\/h2>\r\nWe use cookies to learn more about the way visitors interact with our content and help us to improve the experience when visiting our Site.\r\n<h2>Site Functionality<\/h2>\r\nThe share function is used by visitors to recommend our Site and content on social networks such as Facebook and Twitter. Cookies store information on how visitors use the share function \u2013 although not at an individual level \u2013 so that the Site can be improved. If you do not accept cookies, no information is stored.\r\n\r\nFor some of the functions within our Site we use third party suppliers, for example, when you visit a page with videos embedded from or links to YouTube. These videos or links (and any other content from third party suppliers) may contain third party cookies and you may wish to consult the policies of these third party websites for information regarding their use of cookies.\r\n<h2>Cookies we Use:<\/h2>\r\nThis Site uses Google Analytics which use cookies. At the aggregate level, cookies store information on how visitors use the Site, including the number of pages displayed, where the visitor comes from, and the number of visits, to improve the website and ensure a good user experience. If you do not accept cookies, no information is stored.\r\n<h2>How to reject Cookies?<\/h2>\r\nWe will not use cookies to collect personally identifiable information about a visitor.\r\n\r\nHowever you can choose to reject or block the cookies set by {yourwebsite} by changing your browser settings \u2013 see the \u201cHelp function\u201d within your browser for further details.\u00a0Please note that most browsers automatically accept cookies so if you do not wish cookies to be used, you may need to actively delete or block the cookies.\r\n\r\nFor information on the use of cookies in mobile phone browsers and for details on how to reject or delete such cookies, please refer to your mobile phone manual.\t\t\t\t\t\t<\/div>\n\t\t\t\t<\/div>\n\t\t\t\t\t<\/div>\n\t\t<\/div>\n\t\t\t\t\t\t\t<\/div>\n\t\t<\/section>\n\t\t\t\t\t\t\t<\/div>\n\t\t","protected":false},"excerpt":{"rendered":"<p>Cookie Policy What is a Cookie? Cookies are small text files, created by the website visited, that contain data. They are stored on the visitor\u2019s computer to give the user access to various functions. Both session cookies and non-session cookies are used on this website (the \u201cSite\u201d). A session cookie is temporarily stored in the computer memory while the visitor is browsing the website. This cookie is erased when the user closes their web browser or after a certain time has passed (meaning that the session expires). A non-session cookie remains on the visitor\u2019s computer until it is deleted. Why do we use Cookies? We use cookies to learn more about the way visitors interact with our content and help [&hellip;]<\/p>\n","protected":false},"author":1,"featured_media":0,"parent":0,"menu_order":0,"comment_status":"closed","ping_status":"closed","template":"","meta":{"inline_featured_image":false},"yoast_head":"<!-- This site is optimized with the Yoast SEO plugin v20.8 - https:\/\/yoast.com\/wordpress\/plugins\/seo\/ -->\n<title>Cookie Policy - Costa Pereira e Filhos<\/title>\n<meta name=\"description\" content=\"A\u00e7ores , S\u00e3o Miguel - Lagoa - Ponta Delgada.- Ribeira Grande\" \/>\n<meta name=\"robots\" content=\"index, follow, max-snippet:-1, max-image-preview:large, max-video-preview:-1\" \/>\n<link rel=\"canonical\" href=\"https:\/\/costapereira.pt\/en\/politica-de-cookies\/\" \/>\n<meta property=\"og:locale\" content=\"en_US\" \/>\n<meta property=\"og:type\" content=\"article\" \/>\n<meta property=\"og:title\" content=\"Cookie Policy - Costa Pereira e Filhos\" \/>\n<meta property=\"og:description\" content=\"A\u00e7ores , S\u00e3o Miguel - Lagoa - Ponta Delgada.- Ribeira Grande\" \/>\n<meta property=\"og:url\" content=\"https:\/\/costapereira.pt\/en\/politica-de-cookies\/\" \/>\n<meta property=\"og:site_name\" content=\"Costa Pereira e Filhos\" \/>\n<meta property=\"article:publisher\" content=\"https:\/\/www.facebook.com\/costapereira2013\" \/>\n<meta property=\"article:modified_time\" content=\"2023-01-04T15:46:02+00:00\" \/>\n<meta property=\"og:image\" content=\"https:\/\/costapereira.pt\/app\/uploads\/2023\/03\/DSCF6822-HDR.jpg\" \/>\n\t<meta property=\"og:image:width\" content=\"1920\" \/>\n\t<meta property=\"og:image:height\" content=\"1280\" \/>\n\t<meta property=\"og:image:type\" content=\"image\/jpeg\" \/>\n<meta name=\"twitter:card\" content=\"summary_large_image\" \/>\n<meta name=\"twitter:label1\" content=\"Est. reading time\" \/>\n\t<meta name=\"twitter:data1\" content=\"2 minutes\" \/>\n<script type=\"application\/ld+json\" class=\"yoast-schema-graph\">{\"@context\":\"https:\/\/schema.org\",\"@graph\":[{\"@type\":\"WebPage\",\"@id\":\"https:\/\/costapereira.pt\/en\/politica-de-cookies\/\",\"url\":\"https:\/\/costapereira.pt\/en\/politica-de-cookies\/\",\"name\":\"Cookie Policy - Costa Pereira e Filhos\",\"isPartOf\":{\"@id\":\"https:\/\/costapereira.pt\/#website\"},\"datePublished\":\"2023-01-04T15:32:32+00:00\",\"dateModified\":\"2023-01-04T15:46:02+00:00\",\"description\":\"A\u00e7ores , S\u00e3o Miguel - Lagoa - Ponta Delgada.- Ribeira Grande\",\"breadcrumb\":{\"@id\":\"https:\/\/costapereira.pt\/en\/politica-de-cookies\/#breadcrumb\"},\"inLanguage\":\"en-US\",\"potentialAction\":[{\"@type\":\"ReadAction\",\"target\":[\"https:\/\/costapereira.pt\/en\/politica-de-cookies\/\"]}]},{\"@type\":\"BreadcrumbList\",\"@id\":\"https:\/\/costapereira.pt\/en\/politica-de-cookies\/#breadcrumb\",\"itemListElement\":[{\"@type\":\"ListItem\",\"position\":1,\"name\":\"In\u00edcio\",\"item\":\"https:\/\/costapereira.pt\/\"},{\"@type\":\"ListItem\",\"position\":2,\"name\":\"Cookie Policy\"}]},{\"@type\":\"WebSite\",\"@id\":\"https:\/\/costapereira.pt\/#website\",\"url\":\"https:\/\/costapereira.pt\/\",\"name\":\"Costa Pereira e Filhos - Materiais de Constru\u00e7\u00e3o nos A\u00e7ores\",\"description\":\"Materiais de constru\u00e7\u00e3o\",\"publisher\":{\"@id\":\"https:\/\/costapereira.pt\/#organization\"},\"potentialAction\":[{\"@type\":\"SearchAction\",\"target\":{\"@type\":\"EntryPoint\",\"urlTemplate\":\"https:\/\/costapereira.pt\/?s={search_term_string}\"},\"query-input\":\"required name=search_term_string\"}],\"inLanguage\":\"en-US\"},{\"@type\":\"Organization\",\"@id\":\"https:\/\/costapereira.pt\/#organization\",\"name\":\"Costa Pereira e Filhos, Lda.\",\"url\":\"https:\/\/costapereira.pt\/\",\"logo\":{\"@type\":\"ImageObject\",\"inLanguage\":\"en-US\",\"@id\":\"https:\/\/costapereira.pt\/#\/schema\/logo\/image\/\",\"url\":\"https:\/\/costapereira.pt\/app\/uploads\/2021\/07\/cropped-cropped-Favjpg-500.jpg\",\"contentUrl\":\"https:\/\/costapereira.pt\/app\/uploads\/2021\/07\/cropped-cropped-Favjpg-500.jpg\",\"width\":512,\"height\":512,\"caption\":\"Costa Pereira e Filhos, Lda.\"},\"image\":{\"@id\":\"https:\/\/costapereira.pt\/#\/schema\/logo\/image\/\"},\"sameAs\":[\"https:\/\/www.facebook.com\/costapereira2013\",\"https:\/\/www.instagram.com\/costapereiraefilhos\/\"]}]}<\/script>\n<!-- \/ Yoast SEO plugin. -->","yoast_head_json":{"title":"Cookie Policy - Costa Pereira e Filhos","description":"A\u00e7ores , S\u00e3o Miguel - Lagoa - Ponta Delgada.- Ribeira Grande","robots":{"index":"index","follow":"follow","max-snippet":"max-snippet:-1","max-image-preview":"max-image-preview:large","max-video-preview":"max-video-preview:-1"},"canonical":"https:\/\/costapereira.pt\/en\/politica-de-cookies\/","og_locale":"en_US","og_type":"article","og_title":"Cookie Policy - Costa Pereira e Filhos","og_description":"A\u00e7ores , S\u00e3o Miguel - Lagoa - Ponta Delgada.- Ribeira Grande","og_url":"https:\/\/costapereira.pt\/en\/politica-de-cookies\/","og_site_name":"Costa Pereira e Filhos","article_publisher":"https:\/\/www.facebook.com\/costapereira2013","article_modified_time":"2023-01-04T15:46:02+00:00","og_image":[{"width":1920,"height":1280,"url":"https:\/\/costapereira.pt\/app\/uploads\/2023\/03\/DSCF6822-HDR.jpg","type":"image\/jpeg"}],"twitter_card":"summary_large_image","twitter_misc":{"Est. reading time":"2 minutes"},"schema":{"@context":"https:\/\/schema.org","@graph":[{"@type":"WebPage","@id":"https:\/\/costapereira.pt\/en\/politica-de-cookies\/","url":"https:\/\/costapereira.pt\/en\/politica-de-cookies\/","name":"Cookie Policy - Costa Pereira e Filhos","isPartOf":{"@id":"https:\/\/costapereira.pt\/#website"},"datePublished":"2023-01-04T15:32:32+00:00","dateModified":"2023-01-04T15:46:02+00:00","description":"A\u00e7ores , S\u00e3o Miguel - Lagoa - Ponta Delgada.- Ribeira Grande","breadcrumb":{"@id":"https:\/\/costapereira.pt\/en\/politica-de-cookies\/#breadcrumb"},"inLanguage":"en-US","potentialAction":[{"@type":"ReadAction","target":["https:\/\/costapereira.pt\/en\/politica-de-cookies\/"]}]},{"@type":"BreadcrumbList","@id":"https:\/\/costapereira.pt\/en\/politica-de-cookies\/#breadcrumb","itemListElement":[{"@type":"ListItem","position":1,"name":"In\u00edcio","item":"https:\/\/costapereira.pt\/"},{"@type":"ListItem","position":2,"name":"Cookie Policy"}]},{"@type":"WebSite","@id":"https:\/\/costapereira.pt\/#website","url":"https:\/\/costapereira.pt\/","name":"Costa Pereira e Filhos - Materiais de Constru\u00e7\u00e3o nos A\u00e7ores","description":"Materiais de constru\u00e7\u00e3o","publisher":{"@id":"https:\/\/costapereira.pt\/#organization"},"potentialAction":[{"@type":"SearchAction","target":{"@type":"EntryPoint","urlTemplate":"https:\/\/costapereira.pt\/?s={search_term_string}"},"query-input":"required name=search_term_string"}],"inLanguage":"en-US"},{"@type":"Organization","@id":"https:\/\/costapereira.pt\/#organization","name":"Costa Pereira e Filhos, Lda.","url":"https:\/\/costapereira.pt\/","logo":{"@type":"ImageObject","inLanguage":"en-US","@id":"https:\/\/costapereira.pt\/#\/schema\/logo\/image\/","url":"https:\/\/costapereira.pt\/app\/uploads\/2021\/07\/cropped-cropped-Favjpg-500.jpg","contentUrl":"https:\/\/costapereira.pt\/app\/uploads\/2021\/07\/cropped-cropped-Favjpg-500.jpg","width":512,"height":512,"caption":"Costa Pereira e Filhos, Lda."},"image":{"@id":"https:\/\/costapereira.pt\/#\/schema\/logo\/image\/"},"sameAs":["https:\/\/www.facebook.com\/costapereira2013","https:\/\/www.instagram.com\/costapereiraefilhos\/"]}]}},"_links":{"self":[{"href":"https:\/\/costapereira.pt\/en\/wp-json\/wp\/v2\/pages\/2430"}],"collection":[{"href":"https:\/\/costapereira.pt\/en\/wp-json\/wp\/v2\/pages"}],"about":[{"href":"https:\/\/costapereira.pt\/en\/wp-json\/wp\/v2\/types\/page"}],"author":[{"embeddable":true,"href":"https:\/\/costapereira.pt\/en\/wp-json\/wp\/v2\/users\/1"}],"replies":[{"embeddable":true,"href":"https:\/\/costapereira.pt\/en\/wp-json\/wp\/v2\/comments?post=2430"}],"version-history":[{"count":0,"href":"https:\/\/costapereira.pt\/en\/wp-json\/wp\/v2\/pages\/2430\/revisions"}],"wp:attachment":[{"href":"https:\/\/costapereira.pt\/en\/wp-json\/wp\/v2\/media?parent=2430"}],"curies":[{"name":"wp","href":"https:\/\/api.w.org\/{rel}","templated":true}]}}